{"id":443,"date":"2026-03-18T20:00:59","date_gmt":"2026-03-18T20:00:59","guid":{"rendered":"https:\/\/beautifulbodysurgery.com\/?page_id=443"},"modified":"2026-03-27T20:59:56","modified_gmt":"2026-03-27T20:59:56","slug":"cirugia-bariatrica","status":"publish","type":"page","link":"https:\/\/beautifulbodysurgery.com\/en\/cirugia-bariatrica\/","title":{"rendered":"Bariatric Surgery"},"content":{"rendered":"<div data-elementor-type=\"wp-page\" data-elementor-id=\"443\" class=\"elementor elementor-443\" data-elementor-post-type=\"page\">\n\t\t\t\t\t\t<section class=\"elementor-section elementor-top-section elementor-element elementor-element-66afcbbc elementor-section-boxed elementor-section-height-default elementor-section-height-default\" data-id=\"66afcbbc\" data-element_type=\"section\" data-e-type=\"section\">\n\t\t\t\t\t\t<div class=\"elementor-container elementor-column-gap-default\">\n\t\t\t\t\t<div class=\"elementor-column elementor-col-100 elementor-top-column elementor-element elementor-element-262a3c5\" data-id=\"262a3c5\" data-element_type=\"column\" data-e-type=\"column\">\n\t\t\t<div class=\"elementor-widget-wrap elementor-element-populated\">\n\t\t\t\t\t\t<section class=\"elementor-section elementor-inner-section elementor-element elementor-element-89f2796 elementor-section-boxed elementor-section-height-default elementor-section-height-default\" data-id=\"89f2796\" data-element_type=\"section\" data-e-type=\"section\">\n\t\t\t\t\t\t<div class=\"elementor-container elementor-column-gap-default\">\n\t\t\t\t\t<div class=\"elementor-column elementor-col-50 elementor-inner-column elementor-element elementor-element-7d4bfed8 elementor-invisible\" data-id=\"7d4bfed8\" data-element_type=\"column\" data-e-type=\"column\" data-settings=\"{&quot;animation&quot;:&quot;fadeInUp&quot;}\">\n\t\t\t<div class=\"elementor-widget-wrap elementor-element-populated\">\n\t\t\t\t\t\t<div class=\"elementor-element elementor-element-57c5cfaf elementor-widget elementor-widget-image\" data-id=\"57c5cfaf\" data-element_type=\"widget\" data-e-type=\"widget\" data-widget_type=\"image.default\">\n\t\t\t\t\t\t\t\t\t\t\t\t\t\t\t\t<a href=\"#\">\n\t\t\t\t\t\t\t<img fetchpriority=\"high\" decoding=\"async\" width=\"800\" height=\"373\" src=\"https:\/\/beautifulbodysurgery.com\/wp-content\/uploads\/2026\/03\/Recurso-41-1024x477.webp\" class=\"attachment-large size-large wp-image-629\" alt=\"\" srcset=\"https:\/\/beautifulbodysurgery.com\/wp-content\/uploads\/2026\/03\/Recurso-41-1024x477.webp 1024w, https:\/\/beautifulbodysurgery.com\/wp-content\/uploads\/2026\/03\/Recurso-41-300x140.webp 300w, https:\/\/beautifulbodysurgery.com\/wp-content\/uploads\/2026\/03\/Recurso-41-768x358.webp 768w, https:\/\/beautifulbodysurgery.com\/wp-content\/uploads\/2026\/03\/Recurso-41-1536x716.webp 1536w, https:\/\/beautifulbodysurgery.com\/wp-content\/uploads\/2026\/03\/Recurso-41-2048x954.webp 2048w\" sizes=\"(max-width: 800px) 100vw, 800px\" \/>\t\t\t\t\t\t\t\t<\/a>\n\t\t\t\t\t\t\t\t\t\t\t\t\t\t\t<\/div>\n\t\t\t\t<div class=\"elementor-element elementor-element-39cb8c13 elementor-widget elementor-widget-heading\" data-id=\"39cb8c13\" data-element_type=\"widget\" data-e-type=\"widget\" data-widget_type=\"heading.default\">\n\t\t\t\t\t<h6 class=\"elementor-heading-title elementor-size-default\"><a href=\"#\">Manga G\u00e1strica<\/a><\/h6>\t\t\t\t<\/div>\n\t\t\t\t<div class=\"elementor-element elementor-element-43acc653 elementor-view-default elementor-widget elementor-widget-icon\" data-id=\"43acc653\" data-element_type=\"widget\" data-e-type=\"widget\" data-widget_type=\"icon.default\">\n\t\t\t\t\t\t\t<div class=\"elementor-icon-wrapper\">\n\t\t\t<a class=\"elementor-icon\" href=\"https:\/\/beautifulbodysurgery.com\/en\/manga-gastrica\/\">\n\t\t\t<svg aria-hidden=\"true\" class=\"e-font-icon-svg e-fas-arrow-right\" viewbox=\"0 0 448 512\" xmlns=\"http:\/\/www.w3.org\/2000\/svg\"><path d=\"M190.5 66.9l22.2-22.2c9.4-9.4 24.6-9.4 33.9 0L441 239c9.4 9.4 9.4 24.6 0 33.9L246.6 467.3c-9.4 9.4-24.6 9.4-33.9 0l-22.2-22.2c-9.5-9.5-9.3-25 .4-34.3L311.4 296H24c-13.3 0-24-10.7-24-24v-32c0-13.3 10.7-24 24-24h287.4L190.9 101.2c-9.8-9.3-10-24.8-.4-34.3z\"><\/path><\/svg>\t\t\t<\/a>\n\t\t<\/div>\n\t\t\t\t\t\t<\/div>\n\t\t\t\t\t<\/div>\n\t\t<\/div>\n\t\t\t\t<div class=\"elementor-column elementor-col-50 elementor-inner-column elementor-element elementor-element-627fe461 elementor-invisible\" data-id=\"627fe461\" data-element_type=\"column\" data-e-type=\"column\" data-settings=\"{&quot;animation&quot;:&quot;fadeInUp&quot;,&quot;animation_delay&quot;:&quot;300&quot;}\">\n\t\t\t<div class=\"elementor-widget-wrap elementor-element-populated\">\n\t\t\t\t\t\t<div class=\"elementor-element elementor-element-18e331af elementor-widget elementor-widget-image\" data-id=\"18e331af\" data-element_type=\"widget\" data-e-type=\"widget\" data-widget_type=\"image.default\">\n\t\t\t\t\t\t\t\t\t\t\t\t\t\t\t\t<a href=\"#\">\n\t\t\t\t\t\t\t<img decoding=\"async\" width=\"800\" height=\"450\" src=\"https:\/\/beautifulbodysurgery.com\/wp-content\/uploads\/2026\/03\/Recurso-47-1024x576.webp\" class=\"attachment-large size-large wp-image-638\" alt=\"\" srcset=\"https:\/\/beautifulbodysurgery.com\/wp-content\/uploads\/2026\/03\/Recurso-47-1024x576.webp 1024w, https:\/\/beautifulbodysurgery.com\/wp-content\/uploads\/2026\/03\/Recurso-47-300x169.webp 300w, https:\/\/beautifulbodysurgery.com\/wp-content\/uploads\/2026\/03\/Recurso-47-768x432.webp 768w, https:\/\/beautifulbodysurgery.com\/wp-content\/uploads\/2026\/03\/Recurso-47-1536x864.webp 1536w, https:\/\/beautifulbodysurgery.com\/wp-content\/uploads\/2026\/03\/Recurso-47-2048x1152.webp 2048w\" sizes=\"(max-width: 800px) 100vw, 800px\" \/>\t\t\t\t\t\t\t\t<\/a>\n\t\t\t\t\t\t\t\t\t\t\t\t\t\t\t<\/div>\n\t\t\t\t<div class=\"elementor-element elementor-element-665798b6 elementor-widget elementor-widget-heading\" data-id=\"665798b6\" data-element_type=\"widget\" data-e-type=\"widget\" data-widget_type=\"heading.default\">\n\t\t\t\t\t<h6 class=\"elementor-heading-title elementor-size-default\"><a href=\"#\">Bypass G\u00e1strico &amp; Bal\u00f3n G\u00e1strico<\/a><\/h6>\t\t\t\t<\/div>\n\t\t\t\t<div class=\"elementor-element elementor-element-13ef05d3 elementor-view-default elementor-widget elementor-widget-icon\" data-id=\"13ef05d3\" data-element_type=\"widget\" data-e-type=\"widget\" data-widget_type=\"icon.default\">\n\t\t\t\t\t\t\t<div class=\"elementor-icon-wrapper\">\n\t\t\t<a class=\"elementor-icon\" href=\"https:\/\/beautifulbodysurgery.com\/en\/bypass-gastrico-balon-gastrico\/\">\n\t\t\t<svg aria-hidden=\"true\" class=\"e-font-icon-svg e-fas-arrow-right\" viewbox=\"0 0 448 512\" xmlns=\"http:\/\/www.w3.org\/2000\/svg\"><path d=\"M190.5 66.9l22.2-22.2c9.4-9.4 24.6-9.4 33.9 0L441 239c9.4 9.4 9.4 24.6 0 33.9L246.6 467.3c-9.4 9.4-24.6 9.4-33.9 0l-22.2-22.2c-9.5-9.5-9.3-25 .4-34.3L311.4 296H24c-13.3 0-24-10.7-24-24v-32c0-13.3 10.7-24 24-24h287.4L190.9 101.2c-9.8-9.3-10-24.8-.4-34.3z\"><\/path><\/svg>\t\t\t<\/a>\n\t\t<\/div>\n\t\t\t\t\t\t<\/div>\n\t\t\t\t\t<\/div>\n\t\t<\/div>\n\t\t\t\t\t<\/div>\n\t\t<\/section>\n\t\t\t\t\t<\/div>\n\t\t<\/div>\n\t\t\t\t\t<\/div>\n\t\t<\/section>\n\t\t\t\t<\/div>","protected":false},"excerpt":{"rendered":"<p>Manga G\u00e1strica Bypass G\u00e1strico &amp; Bal\u00f3n G\u00e1strico<\/p>","protected":false},"author":1,"featured_media":0,"parent":0,"menu_order":0,"comment_status":"closed","ping_status":"closed","template":"elementor_header_footer","meta":{"footnotes":""},"class_list":["post-443","page","type-page","status-publish","hentry"],"_hostinger_reach_plugin_has_subscription_block":false,"_hostinger_reach_plugin_is_elementor":false,"_links":{"self":[{"href":"https:\/\/beautifulbodysurgery.com\/en\/wp-json\/wp\/v2\/pages\/443","targetHints":{"allow":["GET"]}}],"collection":[{"href":"https:\/\/beautifulbodysurgery.com\/en\/wp-json\/wp\/v2\/pages"}],"about":[{"href":"https:\/\/beautifulbodysurgery.com\/en\/wp-json\/wp\/v2\/types\/page"}],"author":[{"embeddable":true,"href":"https:\/\/beautifulbodysurgery.com\/en\/wp-json\/wp\/v2\/users\/1"}],"replies":[{"embeddable":true,"href":"https:\/\/beautifulbodysurgery.com\/en\/wp-json\/wp\/v2\/comments?post=443"}],"version-history":[{"count":10,"href":"https:\/\/beautifulbodysurgery.com\/en\/wp-json\/wp\/v2\/pages\/443\/revisions"}],"predecessor-version":[{"id":768,"href":"https:\/\/beautifulbodysurgery.com\/en\/wp-json\/wp\/v2\/pages\/443\/revisions\/768"}],"wp:attachment":[{"href":"https:\/\/beautifulbodysurgery.com\/en\/wp-json\/wp\/v2\/media?parent=443"}],"curies":[{"name":"wp","href":"https:\/\/api.w.org\/{rel}","templated":true}]}}